{"id":59028,"date":"2026-02-09T19:14:24","date_gmt":"2026-02-09T17:14:24","guid":{"rendered":"https:\/\/www.gurescioglualu.com\/?page_id=59028"},"modified":"2026-02-09T20:56:20","modified_gmt":"2026-02-09T18:56:20","slug":"ozel-tasarim-panel-ve-dograma-cozumleri","status":"publish","type":"page","link":"https:\/\/www.gurescioglualu.com\/tr\/ozel-tasarim-panel-ve-dograma-cozumleri\/","title":{"rendered":"\u00d6zel Tasar\u0131m Panel ve Do\u011frama\u00a0 \u00c7\u00f6z\u00fcmleri\u00a0"},"content":{"rendered":"\t\t<div data-elementor-type=\"wp-page\" data-elementor-id=\"59028\" class=\"elementor elementor-59028\" data-elementor-post-type=\"page\">\n\t\t\t\t\t\t<section class=\"elementor-section elementor-top-section elementor-element elementor-element-353fb1a elementor-section-boxed elementor-section-height-default elementor-section-height-default sc_fly_static\" data-id=\"353fb1a\" data-element_type=\"section\" data-e-type=\"section\">\n\t\t\t\t\t\t<div class=\"elementor-container elementor-column-gap-extended\">\n\t\t\t\t\t<div class=\"elementor-column elementor-col-25 elementor-top-column elementor-element elementor-element-9e7909f sc_content_align_inherit sc_layouts_column_icons_position_left sc_fly_static\" data-id=\"9e7909f\" data-element_type=\"column\" data-e-type=\"column\">\n\t\t\t<div class=\"elementor-widget-wrap elementor-element-populated\">\n\t\t\t\t\t\t<div class=\"elementor-element elementor-element-08a63ee sc_fly_static elementor-widget elementor-widget-image\" data-id=\"08a63ee\" data-element_type=\"widget\" data-e-type=\"widget\" data-widget_type=\"image.default\">\n\t\t\t\t<div class=\"elementor-widget-container\">\n\t\t\t\t\t\t\t\t\t\t\t\t\t\t\t<img fetchpriority=\"high\" decoding=\"async\" width=\"1024\" height=\"1024\" src=\"https:\/\/www.gurescioglualu.com\/wp-content\/uploads\/2026\/02\/Ozel-Tasarim-Panel-ve-Dograma-Cozumleri.png\" class=\"attachment-full size-full wp-image-59103\" alt=\"\" srcset=\"https:\/\/www.gurescioglualu.com\/wp-content\/uploads\/2026\/02\/Ozel-Tasarim-Panel-ve-Dograma-Cozumleri.png 1024w, https:\/\/www.gurescioglualu.com\/wp-content\/uploads\/2026\/02\/Ozel-Tasarim-Panel-ve-Dograma-Cozumleri-300x300.png 300w, https:\/\/www.gurescioglualu.com\/wp-content\/uploads\/2026\/02\/Ozel-Tasarim-Panel-ve-Dograma-Cozumleri-150x150.png 150w, https:\/\/www.gurescioglualu.com\/wp-content\/uploads\/2026\/02\/Ozel-Tasarim-Panel-ve-Dograma-Cozumleri-768x768.png 768w, https:\/\/www.gurescioglualu.com\/wp-content\/uploads\/2026\/02\/Ozel-Tasarim-Panel-ve-Dograma-Cozumleri-370x370.png 370w, https:\/\/www.gurescioglualu.com\/wp-content\/uploads\/2026\/02\/Ozel-Tasarim-Panel-ve-Dograma-Cozumleri-120x120.png 120w, https:\/\/www.gurescioglualu.com\/wp-content\/uploads\/2026\/02\/Ozel-Tasarim-Panel-ve-Dograma-Cozumleri-840x840.png 840w, https:\/\/www.gurescioglualu.com\/wp-content\/uploads\/2026\/02\/Ozel-Tasarim-Panel-ve-Dograma-Cozumleri-410x410.png 410w, https:\/\/www.gurescioglualu.com\/wp-content\/uploads\/2026\/02\/Ozel-Tasarim-Panel-ve-Dograma-Cozumleri-630x630.png 630w, https:\/\/www.gurescioglualu.com\/wp-content\/uploads\/2026\/02\/Ozel-Tasarim-Panel-ve-Dograma-Cozumleri-730x730.png 730w, https:\/\/www.gurescioglualu.com\/wp-content\/uploads\/2026\/02\/Ozel-Tasarim-Panel-ve-Dograma-Cozumleri-460x460.png 460w\" sizes=\"(max-width: 1024px) 100vw, 1024px\" \/>\t\t\t\t\t\t\t\t\t\t\t\t\t\t\t<\/div>\n\t\t\t\t<\/div>\n\t\t\t\t\t<\/div>\n\t\t<\/div>\n\t\t\t\t<div class=\"elementor-column elementor-col-25 elementor-top-column elementor-element elementor-element-517ab79 sc_content_align_inherit sc_layouts_column_icons_position_left sc_fly_static\" data-id=\"517ab79\" data-element_type=\"column\" data-e-type=\"column\">\n\t\t\t<div class=\"elementor-widget-wrap elementor-element-populated\">\n\t\t\t\t\t\t<div class=\"elementor-element elementor-element-304e5f4 sc_fly_static elementor-widget elementor-widget-image\" data-id=\"304e5f4\" data-element_type=\"widget\" data-e-type=\"widget\" data-widget_type=\"image.default\">\n\t\t\t\t<div class=\"elementor-widget-container\">\n\t\t\t\t\t\t\t\t\t\t\t\t\t\t\t<img decoding=\"async\" width=\"1024\" height=\"1024\" src=\"https:\/\/www.gurescioglualu.com\/wp-content\/uploads\/2026\/02\/Ozel-Tasarim-Panel-ve-Dograma-Cozumleri2.png\" class=\"attachment-large size-large wp-image-59105\" alt=\"\" srcset=\"https:\/\/www.gurescioglualu.com\/wp-content\/uploads\/2026\/02\/Ozel-Tasarim-Panel-ve-Dograma-Cozumleri2.png 1024w, https:\/\/www.gurescioglualu.com\/wp-content\/uploads\/2026\/02\/Ozel-Tasarim-Panel-ve-Dograma-Cozumleri2-300x300.png 300w, https:\/\/www.gurescioglualu.com\/wp-content\/uploads\/2026\/02\/Ozel-Tasarim-Panel-ve-Dograma-Cozumleri2-150x150.png 150w, https:\/\/www.gurescioglualu.com\/wp-content\/uploads\/2026\/02\/Ozel-Tasarim-Panel-ve-Dograma-Cozumleri2-768x768.png 768w, https:\/\/www.gurescioglualu.com\/wp-content\/uploads\/2026\/02\/Ozel-Tasarim-Panel-ve-Dograma-Cozumleri2-370x370.png 370w, https:\/\/www.gurescioglualu.com\/wp-content\/uploads\/2026\/02\/Ozel-Tasarim-Panel-ve-Dograma-Cozumleri2-120x120.png 120w, https:\/\/www.gurescioglualu.com\/wp-content\/uploads\/2026\/02\/Ozel-Tasarim-Panel-ve-Dograma-Cozumleri2-840x840.png 840w, https:\/\/www.gurescioglualu.com\/wp-content\/uploads\/2026\/02\/Ozel-Tasarim-Panel-ve-Dograma-Cozumleri2-410x410.png 410w, https:\/\/www.gurescioglualu.com\/wp-content\/uploads\/2026\/02\/Ozel-Tasarim-Panel-ve-Dograma-Cozumleri2-630x630.png 630w, https:\/\/www.gurescioglualu.com\/wp-content\/uploads\/2026\/02\/Ozel-Tasarim-Panel-ve-Dograma-Cozumleri2-730x730.png 730w, https:\/\/www.gurescioglualu.com\/wp-content\/uploads\/2026\/02\/Ozel-Tasarim-Panel-ve-Dograma-Cozumleri2-460x460.png 460w\" sizes=\"(max-width: 1024px) 100vw, 1024px\" \/>\t\t\t\t\t\t\t\t\t\t\t\t\t\t\t<\/div>\n\t\t\t\t<\/div>\n\t\t\t\t\t<\/div>\n\t\t<\/div>\n\t\t\t\t<div class=\"elementor-column elementor-col-25 elementor-top-column elementor-element elementor-element-d37979e sc_content_align_inherit sc_layouts_column_icons_position_left sc_fly_static\" data-id=\"d37979e\" data-element_type=\"column\" data-e-type=\"column\">\n\t\t\t<div class=\"elementor-widget-wrap elementor-element-populated\">\n\t\t\t\t\t\t<div class=\"elementor-element elementor-element-ee9422e sc_fly_static elementor-widget elementor-widget-image\" data-id=\"ee9422e\" data-element_type=\"widget\" data-e-type=\"widget\" data-widget_type=\"image.default\">\n\t\t\t\t<div class=\"elementor-widget-container\">\n\t\t\t\t\t\t\t\t\t\t\t\t\t\t\t<img decoding=\"async\" width=\"1024\" height=\"1024\" src=\"https:\/\/www.gurescioglualu.com\/wp-content\/uploads\/2026\/02\/Ozel-Tasarim-Panel-ve-Dograma-Cozumleri3.png\" class=\"attachment-large size-large wp-image-59106\" alt=\"\" srcset=\"https:\/\/www.gurescioglualu.com\/wp-content\/uploads\/2026\/02\/Ozel-Tasarim-Panel-ve-Dograma-Cozumleri3.png 1024w, https:\/\/www.gurescioglualu.com\/wp-content\/uploads\/2026\/02\/Ozel-Tasarim-Panel-ve-Dograma-Cozumleri3-300x300.png 300w, https:\/\/www.gurescioglualu.com\/wp-content\/uploads\/2026\/02\/Ozel-Tasarim-Panel-ve-Dograma-Cozumleri3-150x150.png 150w, https:\/\/www.gurescioglualu.com\/wp-content\/uploads\/2026\/02\/Ozel-Tasarim-Panel-ve-Dograma-Cozumleri3-768x768.png 768w, https:\/\/www.gurescioglualu.com\/wp-content\/uploads\/2026\/02\/Ozel-Tasarim-Panel-ve-Dograma-Cozumleri3-370x370.png 370w, https:\/\/www.gurescioglualu.com\/wp-content\/uploads\/2026\/02\/Ozel-Tasarim-Panel-ve-Dograma-Cozumleri3-120x120.png 120w, https:\/\/www.gurescioglualu.com\/wp-content\/uploads\/2026\/02\/Ozel-Tasarim-Panel-ve-Dograma-Cozumleri3-840x840.png 840w, https:\/\/www.gurescioglualu.com\/wp-content\/uploads\/2026\/02\/Ozel-Tasarim-Panel-ve-Dograma-Cozumleri3-410x410.png 410w, https:\/\/www.gurescioglualu.com\/wp-content\/uploads\/2026\/02\/Ozel-Tasarim-Panel-ve-Dograma-Cozumleri3-630x630.png 630w, https:\/\/www.gurescioglualu.com\/wp-content\/uploads\/2026\/02\/Ozel-Tasarim-Panel-ve-Dograma-Cozumleri3-730x730.png 730w, https:\/\/www.gurescioglualu.com\/wp-content\/uploads\/2026\/02\/Ozel-Tasarim-Panel-ve-Dograma-Cozumleri3-460x460.png 460w\" sizes=\"(max-width: 1024px) 100vw, 1024px\" \/>\t\t\t\t\t\t\t\t\t\t\t\t\t\t\t<\/div>\n\t\t\t\t<\/div>\n\t\t\t\t\t<\/div>\n\t\t<\/div>\n\t\t\t\t<div class=\"elementor-column elementor-col-25 elementor-top-column elementor-element elementor-element-38717e1 sc_content_align_inherit sc_layouts_column_icons_position_left sc_fly_static\" data-id=\"38717e1\" data-element_type=\"column\" data-e-type=\"column\">\n\t\t\t<div class=\"elementor-widget-wrap elementor-element-populated\">\n\t\t\t\t\t\t<div class=\"elementor-element elementor-element-4407ccd sc_fly_static elementor-widget elementor-widget-image\" data-id=\"4407ccd\" data-element_type=\"widget\" data-e-type=\"widget\" data-widget_type=\"image.default\">\n\t\t\t\t<div class=\"elementor-widget-container\">\n\t\t\t\t\t\t\t\t\t\t\t\t\t\t\t<img loading=\"lazy\" decoding=\"async\" width=\"1024\" height=\"1024\" src=\"https:\/\/www.gurescioglualu.com\/wp-content\/uploads\/2026\/02\/Ozel-Tasarim-Panel-ve-Dograma-Cozumleri4.png\" class=\"attachment-large size-large wp-image-59107\" alt=\"\" srcset=\"https:\/\/www.gurescioglualu.com\/wp-content\/uploads\/2026\/02\/Ozel-Tasarim-Panel-ve-Dograma-Cozumleri4.png 1024w, https:\/\/www.gurescioglualu.com\/wp-content\/uploads\/2026\/02\/Ozel-Tasarim-Panel-ve-Dograma-Cozumleri4-300x300.png 300w, https:\/\/www.gurescioglualu.com\/wp-content\/uploads\/2026\/02\/Ozel-Tasarim-Panel-ve-Dograma-Cozumleri4-150x150.png 150w, https:\/\/www.gurescioglualu.com\/wp-content\/uploads\/2026\/02\/Ozel-Tasarim-Panel-ve-Dograma-Cozumleri4-768x768.png 768w, https:\/\/www.gurescioglualu.com\/wp-content\/uploads\/2026\/02\/Ozel-Tasarim-Panel-ve-Dograma-Cozumleri4-370x370.png 370w, https:\/\/www.gurescioglualu.com\/wp-content\/uploads\/2026\/02\/Ozel-Tasarim-Panel-ve-Dograma-Cozumleri4-120x120.png 120w, https:\/\/www.gurescioglualu.com\/wp-content\/uploads\/2026\/02\/Ozel-Tasarim-Panel-ve-Dograma-Cozumleri4-840x840.png 840w, https:\/\/www.gurescioglualu.com\/wp-content\/uploads\/2026\/02\/Ozel-Tasarim-Panel-ve-Dograma-Cozumleri4-410x410.png 410w, https:\/\/www.gurescioglualu.com\/wp-content\/uploads\/2026\/02\/Ozel-Tasarim-Panel-ve-Dograma-Cozumleri4-630x630.png 630w, https:\/\/www.gurescioglualu.com\/wp-content\/uploads\/2026\/02\/Ozel-Tasarim-Panel-ve-Dograma-Cozumleri4-730x730.png 730w, https:\/\/www.gurescioglualu.com\/wp-content\/uploads\/2026\/02\/Ozel-Tasarim-Panel-ve-Dograma-Cozumleri4-460x460.png 460w\" sizes=\"(max-width: 1024px) 100vw, 1024px\" \/>\t\t\t\t\t\t\t\t\t\t\t\t\t\t\t<\/div>\n\t\t\t\t<\/div>\n\t\t\t\t\t<\/div>\n\t\t<\/div>\n\t\t\t\t\t<\/div>\n\t\t<\/section>\n\t\t\t\t<section class=\"elementor-section elementor-top-section elementor-element elementor-element-5b668cb elementor-section-boxed elementor-section-height-default elementor-section-height-default sc_fly_static\" data-id=\"5b668cb\" data-element_type=\"section\" data-e-type=\"section\">\n\t\t\t\t\t\t<div class=\"elementor-container elementor-column-gap-extended\">\n\t\t\t\t\t<div class=\"elementor-column elementor-col-100 elementor-top-column elementor-element elementor-element-20861d8 sc_content_align_inherit sc_layouts_column_icons_position_left sc_fly_static\" data-id=\"20861d8\" data-element_type=\"column\" data-e-type=\"column\">\n\t\t\t<div class=\"elementor-widget-wrap\">\n\t\t\t\t\t\t\t<\/div>\n\t\t<\/div>\n\t\t\t\t\t<\/div>\n\t\t<\/section>\n\t\t\t\t<\/div>\n\t\t","protected":false},"excerpt":{"rendered":"","protected":false},"author":1,"featured_media":0,"parent":0,"menu_order":0,"comment_status":"closed","ping_status":"closed","template":"elementor_theme","meta":{"pagelayer_contact_templates":[],"_pagelayer_content":"","_joinchat":[],"footnotes":""},"class_list":["post-59028","page","type-page","status-publish","hentry"],"_links":{"self":[{"href":"https:\/\/www.gurescioglualu.com\/tr\/wp-json\/wp\/v2\/pages\/59028","targetHints":{"allow":["GET"]}}],"collection":[{"href":"https:\/\/www.gurescioglualu.com\/tr\/wp-json\/wp\/v2\/pages"}],"about":[{"href":"https:\/\/www.gurescioglualu.com\/tr\/wp-json\/wp\/v2\/types\/page"}],"author":[{"embeddable":true,"href":"https:\/\/www.gurescioglualu.com\/tr\/wp-json\/wp\/v2\/users\/1"}],"replies":[{"embeddable":true,"href":"https:\/\/www.gurescioglualu.com\/tr\/wp-json\/wp\/v2\/comments?post=59028"}],"version-history":[{"count":4,"href":"https:\/\/www.gurescioglualu.com\/tr\/wp-json\/wp\/v2\/pages\/59028\/revisions"}],"predecessor-version":[{"id":59110,"href":"https:\/\/www.gurescioglualu.com\/tr\/wp-json\/wp\/v2\/pages\/59028\/revisions\/59110"}],"wp:attachment":[{"href":"https:\/\/www.gurescioglualu.com\/tr\/wp-json\/wp\/v2\/media?parent=59028"}],"curies":[{"name":"wp","href":"https:\/\/api.w.org\/{rel}","templated":true}]}}