{"id":59133,"date":"2026-02-09T21:45:03","date_gmt":"2026-02-09T19:45:03","guid":{"rendered":"https:\/\/www.gurescioglualu.com\/?page_id=59133"},"modified":"2026-02-10T12:36:48","modified_gmt":"2026-02-10T10:36:48","slug":"aluminyum-kapi-ve-pencere-sistemleri","status":"publish","type":"page","link":"https:\/\/www.gurescioglualu.com\/tr\/aluminyum-kapi-ve-pencere-sistemleri\/","title":{"rendered":"Al\u00fcminyum Kap\u0131 ve Pencere\u00a0 Sistemleri"},"content":{"rendered":"\t\t<div data-elementor-type=\"wp-page\" data-elementor-id=\"59133\" class=\"elementor elementor-59133\" data-elementor-post-type=\"page\">\n\t\t\t\t\t\t<section class=\"elementor-section elementor-top-section elementor-element elementor-element-b7b7216 elementor-section-boxed elementor-section-height-default elementor-section-height-default sc_fly_static\" data-id=\"b7b7216\" data-element_type=\"section\" data-e-type=\"section\">\n\t\t\t\t\t\t<div class=\"elementor-container elementor-column-gap-extended\">\n\t\t\t\t\t<div class=\"elementor-column elementor-col-100 elementor-top-column elementor-element elementor-element-2950b70 sc_content_align_inherit sc_layouts_column_icons_position_left sc_fly_static\" data-id=\"2950b70\" data-element_type=\"column\" data-e-type=\"column\">\n\t\t\t<div class=\"elementor-widget-wrap elementor-element-populated\">\n\t\t\t\t\t\t<div class=\"elementor-element elementor-element-816f1ef sc_fly_static elementor-widget elementor-widget-html\" data-id=\"816f1ef\" data-element_type=\"widget\" data-e-type=\"widget\" data-widget_type=\"html.default\">\n\t\t\t\t<div class=\"elementor-widget-container\">\n\t\t\t\t\t \n\t\t\t\t<div data-animation-type=\"sequental\" data-animation-stagger=\"\" class=\"elementor-element elementor-element-1de5e2b animation_type_sequental sc_fly_static elementor-widget elementor-widget-trx_sc_services animated-separate trx_addons_parallax_layers_inited trx_addons_parallax_blocks_inited\" data-id=\"1de5e2b\" data-element_type=\"widget\" data-e-type=\"widget\" data-settings=\"{}\" data-widget_type=\"trx_sc_services.default\" data-animation-settings=\"{&quot;_animation&quot;:&quot;plank-fadeinup&quot;,&quot;_animation_delay&quot;:100}\">\n\t\t\t\t<div class=\"elementor-widget-container\">\n\t\t\t\t\t<div class=\"sc_services color_style_dark sc_services_fashion sc_services_featured_top\"><div class=\"sc_services_columns_wrap sc_item_columns sc_item_posts_container sc_item_columns_4 trx_addons_columns_wrap columns_padding_bottom columns_in_single_row\"><div class=\"trx_addons_column-1_4 trx_addons_column-1_2-tablet \"><div data-post-id=\"56400\" class=\"sc_services_item sc_item_container post_container without_content with_subtitle with_image with_number post-56400 cpt_services type-cpt_services status-publish has-post-thumbnail hentry cpt_services_group-doors animated-item animated plank-fadeinup\" data-animation-index=\"0\">\n\t\t<div class=\"sc_services_item_content \" style=\"background-image: url(https:\/\/www.gurescioglualu.com\/wp-content\/uploads\/2026\/02\/2.png);\">\n\t\t\t\t<div class=\"sc_services_item_content_inner\">\n    \t\t                <div class=\"sc_services_item_content_inner_top\"><span class=\"sc_services_item_number\">01.<\/span><\/div><div class=\"sc_services_item_content_inner_bottom\"><h6 class=\"sc_services_item_title\"><a href=\"https:\/\/www.gurescioglualu.com\/isi-yalitimsiz-dograma-sistemleri\/\">Is\u0131 Yal\u0131t\u0131ms\u0131z Do\u011frama Sistemleri<\/a><\/h6>\n                <div class=\"sc_services_item_subtitle\"><a href=\"https:\/\/www.gurescioglualu.com\/isi-yalitimsiz-dograma-sistemleri\/\" title=\"View all posts in Doors\"><\/a><\/div><\/div><\/div><a class=\"sc_services_item_link\" href=\"https:\/\/www.gurescioglualu.com\/isi-yalitimsiz-dograma-sistemleri\/\"><\/a><\/div><\/div><\/div><div class=\"trx_addons_column-1_4 trx_addons_column-1_2-tablet \"><div data-post-id=\"56401\" class=\"sc_services_item sc_item_container post_container without_content with_subtitle with_image with_number post-56401 cpt_services type-cpt_services status-publish has-post-thumbnail hentry cpt_services_group-doors animated-item full_post_read animated plank-fadeinup\" data-animation-index=\"1\">\n\t\t<div class=\"sc_services_item_content \" style=\"background-image: url(https:\/\/www.gurescioglualu.com\/wp-content\/uploads\/2026\/02\/isi_cam_3.png);\">\n\t\t\t\t<div class=\"sc_services_item_content_inner\">\n    \t\t                <div class=\"sc_services_item_content_inner_top\"><span class=\"sc_services_item_number\">02.<\/span><\/div><div class=\"sc_services_item_content_inner_bottom\"><h6 class=\"sc_services_item_title\"><a href=\"https:\/\/www.gurescioglualu.com\/isi-yalitimli-isicamli-dograma-sistemleri\/\">Is\u0131 Yal\u0131t\u0131ml\u0131 (Is\u0131caml\u0131) Do\u011frama  Sistemleri<\/a><\/h6>\n                <div class=\"sc_services_item_subtitle\"><a href=\"https:\/\/www.gurescioglualu.com\/services_group\/doors\/\" title=\"View all posts in Doors\"><\/a><\/div><\/div><\/div><a class=\"sc_services_item_link\" href=\"https:\/\/www.gurescioglualu.com\/isi-yalitimli-isicamli-dograma-sistemleri\/\/\"><\/a><\/div><\/div><\/div><div class=\"trx_addons_column-1_4 trx_addons_column-1_2-tablet \"><div data-post-id=\"56402\" class=\"sc_services_item sc_item_container post_container without_content with_subtitle with_image with_number post-56402 cpt_services type-cpt_services status-publish has-post-thumbnail hentry cpt_services_group-doors animated-item animated plank-fadeinup\" data-animation-index=\"2\">\n\t\t<div class=\"sc_services_item_content \" style=\"background-image: url(https:\/\/www.gurescioglualu.com\/wp-content\/uploads\/2026\/02\/aliminyum_3.png);\">\n\t\t\t\t<div class=\"sc_services_item_content_inner\">\n    \t\t                <div class=\"sc_services_item_content_inner_top\"><span class=\"sc_services_item_number\">03.<\/span><\/div><div class=\"sc_services_item_content_inner_bottom\"><h6 class=\"sc_services_item_title\"><a href=\"https:\/\/www.gurescioglualu.com\/aluminyum-panel-giris-kapilari\/\">Al\u00fcminyum Panel Giri\u015f Kap\u0131lar\u0131\n<\/a><\/h6>\n                <div class=\"sc_services_item_subtitle\"><a href=\"https:\/\/www.gurescioglualu.com\/aluminyum-panel-giris-kapilari\/\" title=\"View all posts in Doors\"><\/a><\/div><\/div><\/div><a class=\"sc_services_item_link\" href=\"https:\/\/www.gurescioglualu.com\/aluminyum-panel-giris-kapilari\/\"><\/a><\/div><\/div><\/div><\/div><\/div>\t\t\t\t<\/div>\n\t\t\t\t<\/div>\n\t\t\t\t<div class=\"elementor-element elementor-element-1b150a0 sc_height_huge sc_fly_static elementor-widget elementor-widget-spacer trx_addons_parallax_layers_inited trx_addons_parallax_blocks_inited\" data-id=\"1b150a0\" data-element_type=\"widget\" data-e-type=\"widget\" data-widget_type=\"spacer.default\">\n\t\t\t\t<div class=\"elementor-widget-container\">\n\t\t\t\t\t\t\t<div class=\"elementor-spacer\">\n\t\t\t<div class=\"elementor-spacer-inner\"><\/div>\n\t\t<\/div>\n\t\t\t\t\t\t<\/div>\n\t\t\t\t<\/div>\n\t\t\t\t\t<\/div>\t\t\t\t<\/div>\n\t\t\t\t<\/div>\n\t\t\t\t\t<\/div>\n\t\t<\/div>\n\t\t\t\t\t<\/div>\n\t\t<\/section>\n\t\t\t\t<\/div>\n\t\t","protected":false},"excerpt":{"rendered":"<p>01. Is\u0131 Yal\u0131t\u0131ms\u0131z Do\u011frama Sistemleri 02. Is\u0131 Yal\u0131t\u0131ml\u0131 (Is\u0131caml\u0131) Do\u011frama Sistemleri 03. Al\u00fcminyum Panel Giri\u015f Kap\u0131lar\u0131<\/p>\n","protected":false},"author":1,"featured_media":0,"parent":0,"menu_order":0,"comment_status":"closed","ping_status":"closed","template":"","meta":{"pagelayer_contact_templates":[],"_pagelayer_content":"","_joinchat":[],"footnotes":""},"class_list":["post-59133","page","type-page","status-publish","hentry"],"_links":{"self":[{"href":"https:\/\/www.gurescioglualu.com\/tr\/wp-json\/wp\/v2\/pages\/59133","targetHints":{"allow":["GET"]}}],"collection":[{"href":"https:\/\/www.gurescioglualu.com\/tr\/wp-json\/wp\/v2\/pages"}],"about":[{"href":"https:\/\/www.gurescioglualu.com\/tr\/wp-json\/wp\/v2\/types\/page"}],"author":[{"embeddable":true,"href":"https:\/\/www.gurescioglualu.com\/tr\/wp-json\/wp\/v2\/users\/1"}],"replies":[{"embeddable":true,"href":"https:\/\/www.gurescioglualu.com\/tr\/wp-json\/wp\/v2\/comments?post=59133"}],"version-history":[{"count":22,"href":"https:\/\/www.gurescioglualu.com\/tr\/wp-json\/wp\/v2\/pages\/59133\/revisions"}],"predecessor-version":[{"id":59263,"href":"https:\/\/www.gurescioglualu.com\/tr\/wp-json\/wp\/v2\/pages\/59133\/revisions\/59263"}],"wp:attachment":[{"href":"https:\/\/www.gurescioglualu.com\/tr\/wp-json\/wp\/v2\/media?parent=59133"}],"curies":[{"name":"wp","href":"https:\/\/api.w.org\/{rel}","templated":true}]}}