{"id":58971,"date":"2026-02-09T16:29:27","date_gmt":"2026-02-09T14:29:27","guid":{"rendered":"https:\/\/www.gurescioglualu.com\/?post_type=product&#038;p=58971"},"modified":"2026-02-09T16:29:27","modified_gmt":"2026-02-09T14:29:27","slug":"aluminyum-panel-giris-kapilari-1","status":"publish","type":"product","link":"https:\/\/www.gurescioglualu.com\/tr\/product\/aluminyum-panel-giris-kapilari-1\/","title":{"rendered":"Al\u00fcminyum Panel Giri\u015f Kap\u0131lar\u0131 &#8211; 1"},"content":{"rendered":"","protected":false},"excerpt":{"rendered":"","protected":false},"featured_media":58974,"template":"","meta":{"pagelayer_contact_templates":[],"_pagelayer_content":"","_joinchat":[]},"product_brand":[],"product_cat":[348],"product_tag":[],"class_list":{"0":"post-58971","1":"product","2":"type-product","3":"status-publish","4":"has-post-thumbnail","6":"product_cat-aluminyum-panel-giris-kapilari","8":"first","9":"instock","10":"shipping-taxable","11":"product-type-simple"},"_links":{"self":[{"href":"https:\/\/www.gurescioglualu.com\/tr\/wp-json\/wp\/v2\/product\/58971","targetHints":{"allow":["GET"]}}],"collection":[{"href":"https:\/\/www.gurescioglualu.com\/tr\/wp-json\/wp\/v2\/product"}],"about":[{"href":"https:\/\/www.gurescioglualu.com\/tr\/wp-json\/wp\/v2\/types\/product"}],"wp:featuredmedia":[{"embeddable":true,"href":"https:\/\/www.gurescioglualu.com\/tr\/wp-json\/wp\/v2\/media\/58974"}],"wp:attachment":[{"href":"https:\/\/www.gurescioglualu.com\/tr\/wp-json\/wp\/v2\/media?parent=58971"}],"wp:term":[{"taxonomy":"product_brand","embeddable":true,"href":"https:\/\/www.gurescioglualu.com\/tr\/wp-json\/wp\/v2\/product_brand?post=58971"},{"taxonomy":"product_cat","embeddable":true,"href":"https:\/\/www.gurescioglualu.com\/tr\/wp-json\/wp\/v2\/product_cat?post=58971"},{"taxonomy":"product_tag","embeddable":true,"href":"https:\/\/www.gurescioglualu.com\/tr\/wp-json\/wp\/v2\/product_tag?post=58971"}],"curies":[{"name":"wp","href":"https:\/\/api.w.org\/{rel}","templated":true}]}}